{"id":229,"date":"2020-10-20T15:29:21","date_gmt":"2020-10-20T15:29:21","guid":{"rendered":"https:\/\/dev.fluidotecnika.com\/?page_id=229"},"modified":"2023-01-31T14:51:14","modified_gmt":"2023-01-31T13:51:14","slug":"avs-romer","status":"publish","type":"page","link":"https:\/\/www.fluidotecnika.com\/en\/avs-romer\/","title":{"rendered":"AVS R\u00f6mer GmbH Official distributor for Italy"},"content":{"rendered":"<div data-elementor-type=\"wp-page\" data-elementor-id=\"229\" class=\"elementor elementor-229\" data-elementor-post-type=\"page\">\n\t\t\t\t\t\t<section class=\"elementor-section elementor-top-section elementor-element elementor-element-f538684 elementor-section-boxed elementor-section-height-default elementor-section-height-default\" data-id=\"f538684\" data-element_type=\"section\" data-e-type=\"section\">\n\t\t\t\t\t\t<div class=\"elementor-container elementor-column-gap-default\">\n\t\t\t\t\t<div class=\"elementor-column elementor-col-100 elementor-top-column elementor-element elementor-element-b145fc4\" data-id=\"b145fc4\" data-element_type=\"column\" data-e-type=\"column\">\n\t\t\t<div class=\"elementor-widget-wrap elementor-element-populated\">\n\t\t\t\t\t\t<div class=\"elementor-element elementor-element-9b269b6 elementor-widget elementor-widget-image\" data-id=\"9b269b6\" data-element_type=\"widget\" data-e-type=\"widget\" data-widget_type=\"image.default\">\n\t\t\t\t<div class=\"elementor-widget-container\">\n\t\t\t\t\t\t\t\t\t\t\t\t\t\t\t<img decoding=\"async\" width=\"225\" height=\"102\" src=\"https:\/\/www.fluidotecnika.com\/wp-content\/uploads\/2021\/04\/avs-roemer-logo-2021.png\" class=\"attachment-medium size-medium wp-image-1791\" alt=\"\" srcset=\"https:\/\/www.fluidotecnika.com\/wp-content\/uploads\/2021\/04\/avs-roemer-logo-2021.png 225w, https:\/\/www.fluidotecnika.com\/wp-content\/uploads\/2021\/04\/avs-roemer-logo-2021-16x7.png 16w\" sizes=\"(max-width: 225px) 100vw, 225px\" \/>\t\t\t\t\t\t\t\t\t\t\t\t\t\t\t<\/div>\n\t\t\t\t<\/div>\n\t\t\t\t<div class=\"elementor-element elementor-element-9b9ceb7 elementor-widget elementor-widget-heading\" data-id=\"9b9ceb7\" data-element_type=\"widget\" data-e-type=\"widget\" data-widget_type=\"heading.default\">\n\t\t\t\t<div class=\"elementor-widget-container\">\n\t\t\t\t\t<h2 class=\"elementor-heading-title elementor-size-default\">AVS R\u00f6mer GmbH Official distributor for Italy<\/h2>\t\t\t\t<\/div>\n\t\t\t\t<\/div>\n\t\t\t\t<section class=\"elementor-section elementor-inner-section elementor-element elementor-element-822561d elementor-section-boxed elementor-section-height-default elementor-section-height-default\" data-id=\"822561d\" data-element_type=\"section\" data-e-type=\"section\">\n\t\t\t\t\t\t<div class=\"elementor-container elementor-column-gap-default\">\n\t\t\t\t\t<div class=\"elementor-column elementor-col-50 elementor-inner-column elementor-element elementor-element-3e1db09\" data-id=\"3e1db09\" data-element_type=\"column\" data-e-type=\"column\">\n\t\t\t<div class=\"elementor-widget-wrap elementor-element-populated\">\n\t\t\t\t\t\t<div class=\"elementor-element elementor-element-6cd2119 elementor-widget elementor-widget-image\" data-id=\"6cd2119\" data-element_type=\"widget\" data-e-type=\"widget\" data-widget_type=\"image.default\">\n\t\t\t\t<div class=\"elementor-widget-container\">\n\t\t\t\t\t\t\t\t\t\t\t\t\t\t\t<img fetchpriority=\"high\" decoding=\"async\" width=\"800\" height=\"800\" src=\"https:\/\/www.fluidotecnika.com\/wp-content\/uploads\/2021\/04\/avs-roemer-imagebild01-1024x1024.jpg\" class=\"attachment-large size-large wp-image-1798\" alt=\"\" srcset=\"https:\/\/www.fluidotecnika.com\/wp-content\/uploads\/2021\/04\/avs-roemer-imagebild01-1024x1024.jpg 1024w, https:\/\/www.fluidotecnika.com\/wp-content\/uploads\/2021\/04\/avs-roemer-imagebild01-300x300.jpg 300w, https:\/\/www.fluidotecnika.com\/wp-content\/uploads\/2021\/04\/avs-roemer-imagebild01-150x150.jpg 150w, https:\/\/www.fluidotecnika.com\/wp-content\/uploads\/2021\/04\/avs-roemer-imagebild01-768x768.jpg 768w, https:\/\/www.fluidotecnika.com\/wp-content\/uploads\/2021\/04\/avs-roemer-imagebild01-12x12.jpg 12w, https:\/\/www.fluidotecnika.com\/wp-content\/uploads\/2021\/04\/avs-roemer-imagebild01.jpg 1080w\" sizes=\"(max-width: 800px) 100vw, 800px\" \/>\t\t\t\t\t\t\t\t\t\t\t\t\t\t\t<\/div>\n\t\t\t\t<\/div>\n\t\t\t\t\t<\/div>\n\t\t<\/div>\n\t\t\t\t<div class=\"elementor-column elementor-col-50 elementor-inner-column elementor-element elementor-element-a992722\" data-id=\"a992722\" data-element_type=\"column\" data-e-type=\"column\">\n\t\t\t<div class=\"elementor-widget-wrap elementor-element-populated\">\n\t\t\t\t\t\t<div class=\"elementor-element elementor-element-0a3bb5d elementor-widget elementor-widget-text-editor\" data-id=\"0a3bb5d\" data-element_type=\"widget\" data-e-type=\"widget\" data-widget_type=\"text-editor.default\">\n\t\t\t\t<div class=\"elementor-widget-container\">\n\t\t\t\t\t\t\t\t\t<h2><strong>About AVS R\u00f6mer<\/strong><\/h2>\n<strong>AVS R\u00f6mer is a German company,<\/strong>\u00a0family business with offices in Germany and Switzerland, successfully active for 40 years. It has 400 employees. AVS R\u00f6mer develops and manufactures quick couplings, solenoid valves, sensors and customized solutions for fluid control.\n<h2><strong>AVS R\u00f6mer: application fields<\/strong><\/h2>\n<ul>\n \t<li>Printing technology<\/li>\n \t<li>Plant and mechanical engineering<\/li>\n \t<li>Vending<\/li>\n \t<li>Chemical, pharmaceutical and medical<\/li>\n \t<li>Aeronautics,<\/li>\n \t<li>Food industry<\/li>\n \t<li>Life Science.<\/li>\n<\/ul>\n<h2><strong>AVS R\u00f6mer: from standard product to customized product<\/strong><\/h2>\nEverything is developed, designed, manufactured and tested in <strong>AVS R\u00f6mer<\/strong>. It has personified the spirit of \u201cMade in Germany\u201d for 50 years with a turnover of \u20ac 55 million in 2019.\n<h2><strong>Catalogo 2023<\/strong><\/h2>\n<a href=\"https:\/\/www.avs-roemer.de\/it\/assistenza\/catalogo-prodotti-e-brochure\" target=\"_blank\" rel=\"noopener\" download>Consult it here (in English)<\/a>\t\t\t\t\t\t\t\t<\/div>\n\t\t\t\t<\/div>\n\t\t\t\t\t<\/div>\n\t\t<\/div>\n\t\t\t\t\t<\/div>\n\t\t<\/section>\n\t\t\t\t\t<\/div>\n\t\t<\/div>\n\t\t\t\t\t<\/div>\n\t\t<\/section>\n\t\t\t\t<section class=\"elementor-section elementor-top-section elementor-element elementor-element-6da022b elementor-section-boxed elementor-section-height-default elementor-section-height-default\" data-id=\"6da022b\" data-element_type=\"section\" data-e-type=\"section\">\n\t\t\t\t\t\t<div class=\"elementor-container elementor-column-gap-default\">\n\t\t\t\t\t<div class=\"elementor-column elementor-col-100 elementor-top-column elementor-element elementor-element-37ba5f3\" data-id=\"37ba5f3\" data-element_type=\"column\" data-e-type=\"column\">\n\t\t\t<div class=\"elementor-widget-wrap elementor-element-populated\">\n\t\t\t\t\t\t<div class=\"elementor-element elementor-element-5f4dc89 elementor-widget elementor-widget-video\" data-id=\"5f4dc89\" data-element_type=\"widget\" data-e-type=\"widget\" data-settings=\"{&quot;youtube_url&quot;:&quot;https:\\\/\\\/youtu.be\\\/jhIMmpFNBd8&quot;,&quot;yt_privacy&quot;:&quot;yes&quot;,&quot;video_type&quot;:&quot;youtube&quot;,&quot;controls&quot;:&quot;yes&quot;}\" data-widget_type=\"video.default\">\n\t\t\t\t<div class=\"elementor-widget-container\">\n\t\t\t\t\t\t\t<div class=\"elementor-wrapper elementor-open-inline\">\n\t\t\t<div class=\"elementor-video\"><\/div>\t\t<\/div>\n\t\t\t\t\t\t<\/div>\n\t\t\t\t<\/div>\n\t\t\t\t\t<\/div>\n\t\t<\/div>\n\t\t\t\t\t<\/div>\n\t\t<\/section>\n\t\t\t\t<\/div>","protected":false},"excerpt":{"rendered":"<p>Chi \u00e8 AVS R\u00f6mer AVS R\u00f6mer \u00e8 un&#8217;azienda\u00a0tedesca\u00a0a conduzione familiare con sedi in Germania e Svizzera, attiva con successo da 40 anni. Conta 400 dipendenti. AVS R\u00f6mer sviluppa e produce raccordi rapidi, elettrovalvole, sensori e soluzioni customizzate per il controllo dei fluidi. AVS R\u00f6mer: settori applicativi Tecnologia di stampa Ingegneria impiantistica e meccanica Vending Chimica, [&hellip;]<\/p>\n","protected":false},"author":1,"featured_media":781,"parent":0,"menu_order":0,"comment_status":"closed","ping_status":"closed","template":"","meta":{"footnotes":""},"class_list":["post-229","page","type-page","status-publish","has-post-thumbnail","hentry"],"yoast_head":"<!-- This site is optimized with the Yoast SEO plugin v27.5 - https:\/\/yoast.com\/product\/yoast-seo-wordpress\/ -->\n<title>Distributore ufficiale AVS R\u00f6mer GmbH Italia &#183; Catalogo &#183; Fluidotecnika<\/title>\n<meta name=\"description\" content=\"Consulta il catalogo completo AVS R\u00f6mer e affidati ai nostri 20 anni di esperienza nel mercato italiano del controllo dei fluidi.\" \/>\n<meta name=\"robots\" content=\"index, follow, max-snippet:-1, max-image-preview:large, max-video-preview:-1\" \/>\n<link rel=\"canonical\" href=\"https:\/\/www.fluidotecnika.com\/en\/avs-romer\/\" \/>\n<meta property=\"og:locale\" content=\"en_GB\" \/>\n<meta property=\"og:type\" content=\"article\" \/>\n<meta property=\"og:title\" content=\"Distributore ufficiale AVS R\u00f6mer GmbH Italia &#183; Catalogo &#183; Fluidotecnika\" \/>\n<meta property=\"og:description\" content=\"Consulta il catalogo completo AVS R\u00f6mer e affidati ai nostri 20 anni di esperienza nel mercato italiano del controllo dei fluidi.\" \/>\n<meta property=\"og:url\" content=\"https:\/\/www.fluidotecnika.com\/en\/avs-romer\/\" \/>\n<meta property=\"og:site_name\" content=\"Fluidotecnika\" \/>\n<meta property=\"article:modified_time\" content=\"2023-01-31T13:51:14+00:00\" \/>\n<meta property=\"og:image\" content=\"https:\/\/www.fluidotecnika.com\/wp-content\/uploads\/2020\/11\/roemer-prodotti-e1612350531374.jpg\" \/>\n\t<meta property=\"og:image:width\" content=\"1254\" \/>\n\t<meta property=\"og:image:height\" content=\"1080\" \/>\n\t<meta property=\"og:image:type\" content=\"image\/jpeg\" \/>\n<meta name=\"twitter:card\" content=\"summary_large_image\" \/>\n<meta name=\"twitter:label1\" content=\"Estimated reading time\" \/>\n\t<meta name=\"twitter:data1\" content=\"2 minutes\" \/>\n<script type=\"application\/ld+json\" class=\"yoast-schema-graph\">{\"@context\":\"https:\\\/\\\/schema.org\",\"@graph\":[{\"@type\":\"WebPage\",\"@id\":\"https:\\\/\\\/www.fluidotecnika.com\\\/avs-romer\\\/\",\"url\":\"https:\\\/\\\/www.fluidotecnika.com\\\/avs-romer\\\/\",\"name\":\"Distributore ufficiale AVS R\u00f6mer GmbH Italia &#183; Catalogo &#183; Fluidotecnika\",\"isPartOf\":{\"@id\":\"https:\\\/\\\/www.fluidotecnika.com\\\/en\\\/#website\"},\"primaryImageOfPage\":{\"@id\":\"https:\\\/\\\/www.fluidotecnika.com\\\/avs-romer\\\/#primaryimage\"},\"image\":{\"@id\":\"https:\\\/\\\/www.fluidotecnika.com\\\/avs-romer\\\/#primaryimage\"},\"thumbnailUrl\":\"https:\\\/\\\/www.fluidotecnika.com\\\/wp-content\\\/uploads\\\/2020\\\/11\\\/roemer-prodotti-e1612350531374.jpg\",\"datePublished\":\"2020-10-20T15:29:21+00:00\",\"dateModified\":\"2023-01-31T13:51:14+00:00\",\"description\":\"Consulta il catalogo completo AVS R\u00f6mer e affidati ai nostri 20 anni di esperienza nel mercato italiano del controllo dei fluidi.\",\"breadcrumb\":{\"@id\":\"https:\\\/\\\/www.fluidotecnika.com\\\/avs-romer\\\/#breadcrumb\"},\"inLanguage\":\"en-GB\",\"potentialAction\":[{\"@type\":\"ReadAction\",\"target\":[\"https:\\\/\\\/www.fluidotecnika.com\\\/avs-romer\\\/\"]}]},{\"@type\":\"ImageObject\",\"inLanguage\":\"en-GB\",\"@id\":\"https:\\\/\\\/www.fluidotecnika.com\\\/avs-romer\\\/#primaryimage\",\"url\":\"https:\\\/\\\/www.fluidotecnika.com\\\/wp-content\\\/uploads\\\/2020\\\/11\\\/roemer-prodotti-e1612350531374.jpg\",\"contentUrl\":\"https:\\\/\\\/www.fluidotecnika.com\\\/wp-content\\\/uploads\\\/2020\\\/11\\\/roemer-prodotti-e1612350531374.jpg\",\"width\":1254,\"height\":1080,\"caption\":\"Elettrovalvole e raccordi AVS R\u00f6mer\"},{\"@type\":\"BreadcrumbList\",\"@id\":\"https:\\\/\\\/www.fluidotecnika.com\\\/avs-romer\\\/#breadcrumb\",\"itemListElement\":[{\"@type\":\"ListItem\",\"position\":1,\"name\":\"Home\",\"item\":\"https:\\\/\\\/www.fluidotecnika.com\\\/\"},{\"@type\":\"ListItem\",\"position\":2,\"name\":\"Distributore ufficiale AVS R\u00f6mer GmbH Italia\"}]},{\"@type\":\"WebSite\",\"@id\":\"https:\\\/\\\/www.fluidotecnika.com\\\/en\\\/#website\",\"url\":\"https:\\\/\\\/www.fluidotecnika.com\\\/en\\\/\",\"name\":\"Fluidotecnika\",\"description\":\"Soluzioni industriali in controllo dei fluidi\",\"publisher\":{\"@id\":\"https:\\\/\\\/www.fluidotecnika.com\\\/en\\\/#organization\"},\"potentialAction\":[{\"@type\":\"SearchAction\",\"target\":{\"@type\":\"EntryPoint\",\"urlTemplate\":\"https:\\\/\\\/www.fluidotecnika.com\\\/en\\\/?s={search_term_string}\"},\"query-input\":{\"@type\":\"PropertyValueSpecification\",\"valueRequired\":true,\"valueName\":\"search_term_string\"}}],\"inLanguage\":\"en-GB\"},{\"@type\":\"Organization\",\"@id\":\"https:\\\/\\\/www.fluidotecnika.com\\\/en\\\/#organization\",\"name\":\"Fluidotecnika Srl\",\"url\":\"https:\\\/\\\/www.fluidotecnika.com\\\/en\\\/\",\"logo\":{\"@type\":\"ImageObject\",\"inLanguage\":\"en-GB\",\"@id\":\"https:\\\/\\\/www.fluidotecnika.com\\\/en\\\/#\\\/schema\\\/logo\\\/image\\\/\",\"url\":\"https:\\\/\\\/www.fluidotecnika.com\\\/wp-content\\\/uploads\\\/2020\\\/10\\\/Logo-fluidotecnika-colori-2.png\",\"contentUrl\":\"https:\\\/\\\/www.fluidotecnika.com\\\/wp-content\\\/uploads\\\/2020\\\/10\\\/Logo-fluidotecnika-colori-2.png\",\"width\":1920,\"height\":1053,\"caption\":\"Fluidotecnika Srl\"},\"image\":{\"@id\":\"https:\\\/\\\/www.fluidotecnika.com\\\/en\\\/#\\\/schema\\\/logo\\\/image\\\/\"},\"sameAs\":[\"https:\\\/\\\/www.linkedin.com\\\/company\\\/fluidotecnika-srl\\\/\"]}]}<\/script>\n<!-- \/ Yoast SEO plugin. -->","yoast_head_json":{"title":"Distributore ufficiale AVS R\u00f6mer GmbH Italia &#183; Catalogo &#183; Fluidotecnika","description":"Consulta il catalogo completo AVS R\u00f6mer e affidati ai nostri 20 anni di esperienza nel mercato italiano del controllo dei fluidi.","robots":{"index":"index","follow":"follow","max-snippet":"max-snippet:-1","max-image-preview":"max-image-preview:large","max-video-preview":"max-video-preview:-1"},"canonical":"https:\/\/www.fluidotecnika.com\/en\/avs-romer\/","og_locale":"en_GB","og_type":"article","og_title":"Distributore ufficiale AVS R\u00f6mer GmbH Italia &#183; Catalogo &#183; Fluidotecnika","og_description":"Consulta il catalogo completo AVS R\u00f6mer e affidati ai nostri 20 anni di esperienza nel mercato italiano del controllo dei fluidi.","og_url":"https:\/\/www.fluidotecnika.com\/en\/avs-romer\/","og_site_name":"Fluidotecnika","article_modified_time":"2023-01-31T13:51:14+00:00","og_image":[{"width":1254,"height":1080,"url":"https:\/\/www.fluidotecnika.com\/wp-content\/uploads\/2020\/11\/roemer-prodotti-e1612350531374.jpg","type":"image\/jpeg"}],"twitter_card":"summary_large_image","twitter_misc":{"Estimated reading time":"2 minutes"},"schema":{"@context":"https:\/\/schema.org","@graph":[{"@type":"WebPage","@id":"https:\/\/www.fluidotecnika.com\/avs-romer\/","url":"https:\/\/www.fluidotecnika.com\/avs-romer\/","name":"Distributore ufficiale AVS R\u00f6mer GmbH Italia &#183; Catalogo &#183; Fluidotecnika","isPartOf":{"@id":"https:\/\/www.fluidotecnika.com\/en\/#website"},"primaryImageOfPage":{"@id":"https:\/\/www.fluidotecnika.com\/avs-romer\/#primaryimage"},"image":{"@id":"https:\/\/www.fluidotecnika.com\/avs-romer\/#primaryimage"},"thumbnailUrl":"https:\/\/www.fluidotecnika.com\/wp-content\/uploads\/2020\/11\/roemer-prodotti-e1612350531374.jpg","datePublished":"2020-10-20T15:29:21+00:00","dateModified":"2023-01-31T13:51:14+00:00","description":"Consulta il catalogo completo AVS R\u00f6mer e affidati ai nostri 20 anni di esperienza nel mercato italiano del controllo dei fluidi.","breadcrumb":{"@id":"https:\/\/www.fluidotecnika.com\/avs-romer\/#breadcrumb"},"inLanguage":"en-GB","potentialAction":[{"@type":"ReadAction","target":["https:\/\/www.fluidotecnika.com\/avs-romer\/"]}]},{"@type":"ImageObject","inLanguage":"en-GB","@id":"https:\/\/www.fluidotecnika.com\/avs-romer\/#primaryimage","url":"https:\/\/www.fluidotecnika.com\/wp-content\/uploads\/2020\/11\/roemer-prodotti-e1612350531374.jpg","contentUrl":"https:\/\/www.fluidotecnika.com\/wp-content\/uploads\/2020\/11\/roemer-prodotti-e1612350531374.jpg","width":1254,"height":1080,"caption":"Elettrovalvole e raccordi AVS R\u00f6mer"},{"@type":"BreadcrumbList","@id":"https:\/\/www.fluidotecnika.com\/avs-romer\/#breadcrumb","itemListElement":[{"@type":"ListItem","position":1,"name":"Home","item":"https:\/\/www.fluidotecnika.com\/"},{"@type":"ListItem","position":2,"name":"Distributore ufficiale AVS R\u00f6mer GmbH Italia"}]},{"@type":"WebSite","@id":"https:\/\/www.fluidotecnika.com\/en\/#website","url":"https:\/\/www.fluidotecnika.com\/en\/","name":"Fluidotecnika","description":"Soluzioni industriali in controllo dei fluidi","publisher":{"@id":"https:\/\/www.fluidotecnika.com\/en\/#organization"},"potentialAction":[{"@type":"SearchAction","target":{"@type":"EntryPoint","urlTemplate":"https:\/\/www.fluidotecnika.com\/en\/?s={search_term_string}"},"query-input":{"@type":"PropertyValueSpecification","valueRequired":true,"valueName":"search_term_string"}}],"inLanguage":"en-GB"},{"@type":"Organization","@id":"https:\/\/www.fluidotecnika.com\/en\/#organization","name":"Fluidotecnika Srl","url":"https:\/\/www.fluidotecnika.com\/en\/","logo":{"@type":"ImageObject","inLanguage":"en-GB","@id":"https:\/\/www.fluidotecnika.com\/en\/#\/schema\/logo\/image\/","url":"https:\/\/www.fluidotecnika.com\/wp-content\/uploads\/2020\/10\/Logo-fluidotecnika-colori-2.png","contentUrl":"https:\/\/www.fluidotecnika.com\/wp-content\/uploads\/2020\/10\/Logo-fluidotecnika-colori-2.png","width":1920,"height":1053,"caption":"Fluidotecnika Srl"},"image":{"@id":"https:\/\/www.fluidotecnika.com\/en\/#\/schema\/logo\/image\/"},"sameAs":["https:\/\/www.linkedin.com\/company\/fluidotecnika-srl\/"]}]}},"_links":{"self":[{"href":"https:\/\/www.fluidotecnika.com\/en\/wp-json\/wp\/v2\/pages\/229","targetHints":{"allow":["GET"]}}],"collection":[{"href":"https:\/\/www.fluidotecnika.com\/en\/wp-json\/wp\/v2\/pages"}],"about":[{"href":"https:\/\/www.fluidotecnika.com\/en\/wp-json\/wp\/v2\/types\/page"}],"author":[{"embeddable":true,"href":"https:\/\/www.fluidotecnika.com\/en\/wp-json\/wp\/v2\/users\/1"}],"replies":[{"embeddable":true,"href":"https:\/\/www.fluidotecnika.com\/en\/wp-json\/wp\/v2\/comments?post=229"}],"version-history":[{"count":0,"href":"https:\/\/www.fluidotecnika.com\/en\/wp-json\/wp\/v2\/pages\/229\/revisions"}],"wp:featuredmedia":[{"embeddable":true,"href":"https:\/\/www.fluidotecnika.com\/en\/wp-json\/wp\/v2\/media\/781"}],"wp:attachment":[{"href":"https:\/\/www.fluidotecnika.com\/en\/wp-json\/wp\/v2\/media?parent=229"}],"curies":[{"name":"wp","href":"https:\/\/api.w.org\/{rel}","templated":true}]}}